{"id":1728,"date":"2023-07-09T14:54:42","date_gmt":"2023-07-09T14:54:42","guid":{"rendered":"https:\/\/test.edv-dlouhy.de\/?page_id=1728"},"modified":"2026-03-20T13:43:32","modified_gmt":"2026-03-20T13:43:32","slug":"preismodell","status":"publish","type":"page","link":"https:\/\/test.edv-dlouhy.de\/?page_id=1728","title":{"rendered":"Preismodell"},"content":{"rendered":"<div class=\"brz-root__container brz-reset-all\">\n<section id=\"kfkzcjombttktkzkkuwivjlvtfzyastcdfts\" class=\"brz-section brz-css-aeply\">\n<div class=\"brz-section__content brz-section--boxed brz-css-s4OBU brz-css-txlgG\" data-brz-custom-id=\"qnbooamuzwvaewqlrzjfmblqiebhgaxziyvr\">\n<div class=\"brz-container brz-css-cEpna\">\n<div id class=\"brz-css-eKE0G brz-css-cRZHu brz-wrapper\">\n<div class=\"brz-rich-text brz-rich-text__custom brz-css-jnamT\" data-brz-custom-id=\"lxiswdtxrvzisvgvikcxehvcymtisxomodod\">\n<div data-brz-translate-text=\"1\">\n<h2 class=\"brz-text-lg-center brz-tp-lg-heading2 brz-css-ru7NE\" data-generated-css=\"brz-css-uhpya\" data-uniq-id=\"rbeou\"><span class=\"brz-cp-color2\">Unser Preismodell<\/span><\/h2>\n<\/div>\n<\/div>\n<\/div>\n<div id class=\"brz-css-eKE0G brz-css-oOKBV brz-css-dDA6k brz-wrapper\">\n<div class=\"brz-spacer brz-css-bM29O brz-css-tSqL5\"><\/div>\n<\/div>\n<\/div>\n<\/div>\n<\/section>\n<section id=\"eiqjnvutxpkwlzhbjdpsmkovhtuvlefbczyi\" class=\"brz-section brz-css-aeply\">\n<div class=\"brz-section__content brz-section--boxed brz-css-s4OBU brz-css-kWkJU\" data-brz-custom-id=\"kqdvzqhsvkilusonecgftywexfiswdjkbzmc\">\n<div class=\"brz-container brz-css-cEpna\">\n<div class=\"brz-row__container brz-css-x05mn\" data-brz-custom-id=\"njhxssaksqhlyklzppobjjfwrumcamtxblnj\">\n<div class=\"brz-bg\"><\/div>\n<div class=\"brz-row brz-css-lCD6h brz-css-ts1ek\">\n<div class=\"brz-columns brz-css-zrCq8 brz-css-c4Cv6\" data-brz-custom-id=\"abgwbvcpljudvrkchjstakifncfgqfsifsyr\">\n<div class=\"brz-bg\"><\/div>\n<div class=\"brz-column__items brz-css-ghXKo brz-css-ndPtX\">\n<div id class=\"brz-css-eKE0G brz-wrapper\">\n<div class=\"brz-image brz-css-ntQSN brz-css-vKJ5M\" data-brz-custom-id=\"ejpadhavhsmpxlliupuqsynkhchzohciabta\"><img decoding=\"async\" class=\"brz-img\" src=\"https:\/\/test.edv-dlouhy.de\/?brizy_media=wp-34df8d6106798e0a64897ce2d6dad118.jpg&amp;brizy_crop=iW%3D401%26iH%3D301%26oX%3D21%26oY%3D0%26cW%3D360%26cH%3D301\" alt=\"\" loading=\"lazy\"><\/div>\n<\/div>\n<div id class=\"brz-css-eKE0G brz-wrapper\">\n<div class=\"brz-rich-text brz-rich-text__custom brz-css-jnamT\" data-brz-custom-id=\"awhmldzwsuouocxvsysyfmxfucavcxpsfsly\">\n<div data-brz-translate-text=\"1\">\n<h4 class=\"brz-tp-lg-heading4 brz-text-lg-center brz-css-llDRr\" data-uniq-id=\"pzdrf\" data-generated-css=\"brz-css-evlex\"><strong class=\"brz-cp-color2\">Standard  &#8211;  0,00 \u20ac<\/strong><\/h4>\n<\/div>\n<\/div>\n<\/div>\n<div id class=\"brz-css-eKE0G brz-css-pyTfj brz-wrapper\">\n<div class=\"brz-rich-text brz-rich-text__custom brz-css-jnamT\" data-brz-custom-id=\"mlguhceflawzfvvmqjswvpdyxbitazfkkzdl\">\n<div data-brz-translate-text=\"1\">\n<p class=\"brz-tp-lg-paragraph brz-css-wXUy3\" data-uniq-id=\"zxpzp\" data-generated-css=\"brz-css-kudmy\"><span class=\"brz-cp-color7\">Als Standard-Mitglied kannst du dich gemeinsam in der Community mit den anderen Mitgliedern austauschen.<\/span><\/p>\n<p class=\"brz-tp-lg-paragraph brz-css-oljut\" data-uniq-id=\"zxpzp\" data-generated-css=\"brz-css-kudmy\"><span class=\"brz-cp-color7\"> <\/span><\/p>\n<p class=\"brz-tp-lg-paragraph brz-css-rYwYq\" data-uniq-id=\"zxpzp\" data-generated-css=\"brz-css-kudmy\"><span class=\"brz-cp-color7\"> <\/span><\/p>\n<p data-uniq-id=\"zxpzp\" data-generated-css=\"brz-css-kudmy\" class=\"brz-tp-lg-paragraph brz-css-uDiZk\"><span class=\"brz-cp-color7\"> <\/span><\/p>\n<\/div>\n<\/div>\n<\/div>\n<div class=\"brz-wrapper-clone brz-css-cgEYG brz-css-dnAq6\">\n<div class=\"brz-d-xs-flex brz-flex-xs-wrap brz-css-xEHCN brz-css-mIViO\" data-brz-custom-id>\n<div class=\"brz-wrapper-clone__item\" id=\"wgzjtauzduitjctwlwunqhbcyattnlursoyl\"><a class=\"brz-a brz-btn brz-css-ytYJm brz-css-iHNJU\" href target=\"_self\" rel=\"noopener\" data-brz-link-type=\"external\" data-brz-custom-id=\"wgzjtauzduitjctwlwunqhbcyattnlursoyl\"><span data-brz-translate-text=\"1\" class=\"brz-span brz-text__editor\">Jetzt registrieren<\/span><\/a><\/div>\n<\/div>\n<\/div>\n<\/div>\n<\/div>\n<div class=\"brz-columns brz-css-zrCq8 brz-css-aPce8\" data-brz-custom-id=\"koujfsvuzvgaaibgsvhydohyccgwmiwjoxbg\">\n<div class=\"brz-column__items brz-css-ghXKo brz-css-ly9Dv\">\n<div id class=\"brz-css-eKE0G brz-wrapper\">\n<div class=\"brz-image brz-css-b1Ago brz-css-gP8Co\" data-brz-custom-id=\"qotdydqezwdujtqwzvucgzqkjcvsnhdfrwfo\"><img decoding=\"async\" class=\"brz-img\" src=\"https:\/\/test.edv-dlouhy.de\/?brizy_media=d03-Img-Candy-machine.jpg&amp;brizy_crop=iW%3D360%26iH%3D300%26oX%3D0%26oY%3D0%26cW%3D360%26cH%3D300\" alt=\"\" loading=\"lazy\"><\/div>\n<\/div>\n<div id class=\"brz-css-eKE0G brz-wrapper\">\n<div class=\"brz-rich-text brz-rich-text__custom brz-css-jnamT\" data-brz-custom-id=\"ohewyhqvnfurrnkkceqpndljoyhtpgodvjts\">\n<div data-brz-translate-text=\"1\">\n<h4 class=\"brz-tp-lg-heading4 brz-text-lg-center brz-css-wWphb\" data-uniq-id=\"mswsu\" data-generated-css=\"brz-css-rzeou\"><strong class=\"brz-cp-color2\">Plus  &#8211;  49,00\u20ac<\/strong><\/h4>\n<\/div>\n<\/div>\n<\/div>\n<div id class=\"brz-css-eKE0G brz-css-ryBDN brz-wrapper\">\n<div class=\"brz-rich-text brz-rich-text__custom brz-css-jnamT\" data-brz-custom-id=\"taeghzdbjstgejmldunmnphkmlujfvolryey\">\n<div data-brz-translate-text=\"1\">\n<p class=\"brz-tp-lg-paragraph brz-css-uBvqc\" data-uniq-id=\"spebu\" data-generated-css=\"brz-css-nukiy\"><span class=\"brz-cp-color7\">Als Plus-Mitglied erh\u00e4lst du zus\u00e4tzlich einen detailierten Report mit einem Ma\u00dfnahmekatalog f\u00fcr dein Objekt.<\/span><\/p>\n<p class=\"brz-tp-lg-paragraph brz-css-sZilI\" data-uniq-id=\"spebu\" data-generated-css=\"brz-css-nukiy\"><span class=\"brz-cp-color7\"> <\/span><\/p>\n<p class=\"brz-tp-lg-paragraph brz-css-i_aYT\" data-uniq-id=\"spebu\" data-generated-css=\"brz-css-nukiy\"><span class=\"brz-cp-color7\"> <\/span><\/p>\n<\/div>\n<\/div>\n<\/div>\n<div class=\"brz-wrapper-clone brz-css-cgEYG\">\n<div class=\"brz-d-xs-flex brz-flex-xs-wrap brz-css-xEHCN brz-css-sGmND\" data-brz-custom-id>\n<div class=\"brz-wrapper-clone__item\" id=\"dyzthrtzhobpqbmnbigurlwhofwwizgampqf\"><a class=\"brz-a brz-btn brz-css-ytYJm brz-css-lgXtZ\" href target=\"_self\" rel=\"noopener\" data-brz-link-type=\"external\" data-brz-custom-id=\"dyzthrtzhobpqbmnbigurlwhofwwizgampqf\"><span data-brz-translate-text=\"1\" class=\"brz-span brz-text__editor\">Jetzt abschlie\u00dfen<\/span><\/a><\/div>\n<\/div>\n<\/div>\n<\/div>\n<\/div>\n<div class=\"brz-columns brz-css-zrCq8 brz-css-ynke8\" data-brz-custom-id=\"ptwetykumpxkfxppidnoicxtfkgmowdzdxzj\">\n<div class=\"brz-column__items brz-css-ghXKo brz-css-lZQ2C\">\n<div id class=\"brz-css-eKE0G brz-wrapper\">\n<div class=\"brz-image brz-css-ljwsm brz-css-ozJZX\" data-brz-custom-id=\"zhfatlizxomvupaaqbyivfwybsgsiwuizarj\"><img decoding=\"async\" class=\"brz-img\" src=\"https:\/\/test.edv-dlouhy.de\/?brizy_media=d03-Img-Building-Pink.jpg&amp;brizy_crop=iW%3D361%26iH%3D301%26oX%3D0%26oY%3D0%26cW%3D361%26cH%3D301\" alt=\"\" loading=\"lazy\"><\/div>\n<\/div>\n<div id class=\"brz-css-eKE0G brz-wrapper\">\n<div class=\"brz-rich-text brz-rich-text__custom brz-css-jnamT\" data-brz-custom-id=\"bcgtyxhcvqaeuwnpcsajqeipeiosbjbvttmy\">\n<div data-brz-translate-text=\"1\">\n<h4 class=\"brz-tp-lg-heading4 brz-text-lg-center brz-css-vKwU3\" data-uniq-id=\"vzivj\" data-generated-css=\"brz-css-prghf\"><strong class=\"brz-cp-color2\">Premium  &#8211;  99,00\u20ac<\/strong><\/h4>\n<\/div>\n<\/div>\n<\/div>\n<div id class=\"brz-css-eKE0G brz-css-nvR_M brz-wrapper\">\n<div class=\"brz-rich-text brz-rich-text__custom brz-css-jnamT\" data-brz-custom-id=\"ceydyfjpwhvohsegvoatngduqciiytjqqdko\">\n<div data-brz-translate-text=\"1\">\n<p class=\"brz-tp-lg-paragraph brz-css-iFKIz\" data-generated-css=\"brz-css-mlxhl\" data-uniq-id=\"fpghz\"><span class=\"brz-cp-color7\">Als Premium-Mitglied erh\u00e4lst du zus\u00e4tzlich eine entsprechende WIrtschaftlichkeitsberechnung und die M\u00f6glichkeit direkt mit Partnerfirmen in Kontakt zu treten um deine energetische Sanierung in k\u00fcrzester Zeit umzusetzen. <\/span><\/p>\n<\/div>\n<\/div>\n<\/div>\n<div class=\"brz-wrapper-clone brz-css-cgEYG\">\n<div class=\"brz-d-xs-flex brz-flex-xs-wrap brz-css-xEHCN brz-css-iCWBS\" data-brz-custom-id>\n<div class=\"brz-wrapper-clone__item\" id=\"jhpgjsvvgihkbrftdypzjaszmibsdetoxzkt\"><a class=\"brz-a brz-btn brz-css-ytYJm brz-css-yfi6n\" href target=\"_self\" rel=\"noopener\" data-brz-link-type=\"external\" data-brz-custom-id=\"jhpgjsvvgihkbrftdypzjaszmibsdetoxzkt\"><span data-brz-translate-text=\"1\" class=\"brz-span brz-text__editor\">Jetzt abschlie\u00dfen<\/span><\/a><\/div>\n<\/div>\n<\/div>\n<\/div>\n<\/div>\n<\/div>\n<\/div>\n<\/div>\n<\/div>\n<\/section>\n<section id=\"bbqzgzukwubbrwnydvwthupyaucsvrbzsayk\" class=\"brz-section brz-css-aeply\">\n<div class=\"brz-section__content brz-section--boxed brz-css-s4OBU brz-css-cYhl8\" data-brz-custom-id=\"wjkituvgauzjpbqftemoomcizosruornkayb\">\n<div class=\"brz-container brz-css-cEpna\">\n<div class=\"brz-wrapper-clone brz-css-cgEYG\">\n<div class=\"brz-d-xs-flex brz-flex-xs-wrap brz-css-xEHCN\" data-brz-custom-id>\n<div class=\"brz-wrapper-clone__item\" id=\"cgtpbwsnqgqnsotlqawwohzzrtzgjuymgacj\"><a class=\"brz-a brz-btn brz-css-ytYJm brz-css-e6F2w\" href target=\"_self\" rel=\"noopener\" data-brz-link-type=\"external\" data-brz-custom-id=\"cgtpbwsnqgqnsotlqawwohzzrtzgjuymgacj\"><span data-brz-translate-text=\"1\" class=\"brz-span brz-text__editor\">Take Action now<\/span><\/a><\/div>\n<\/div>\n<\/div>\n<div id class=\"brz-css-eKE0G brz-css-oOKBV brz-wrapper\">\n<div class=\"brz-spacer brz-css-bM29O brz-css-xu24o\"><\/div>\n<\/div>\n<\/div>\n<\/div>\n<\/section>\n<\/div>\n<p>    <!-- version:1737488545 --><\/p>\n","protected":false},"excerpt":{"rendered":"<p>Unser Preismodell Standard &#8211; 0,00 \u20ac Als Standard-Mitglied kannst du dich gemeinsam in der Community mit den anderen Mitgliedern austauschen. Jetzt registrieren Plus &#8211; 49,00\u20ac Als Plus-Mitglied erh\u00e4lst du zus\u00e4tzlich einen detailierten Report mit einem Ma\u00dfnahmekatalog f\u00fcr dein Objekt. Jetzt abschlie\u00dfen Premium &#8211; 99,00\u20ac Als Premium-Mitglied erh\u00e4lst du zus\u00e4tzlich eine entsprechende WIrtschaftlichkeitsberechnung und die M\u00f6glichkeit [&hellip;]<\/p>\n","protected":false},"author":1,"featured_media":0,"parent":0,"menu_order":0,"comment_status":"closed","ping_status":"closed","template":"","meta":{"footnotes":""},"class_list":["post-1728","page","type-page","status-publish","hentry"],"blocksy_meta":{"page_structure_type":"default","has_hero_section":"enabled","hero_section":"type-2","hero_structure":"narrow","pageTitleFontColor":{"default":{"color":"var(--theme-palette-color-1)"}},"pageTitleBackground":{"background_type":"image","background_pattern":"type-1","background_image":{"attachment_id":1761,"x":0.51,"y":0.41,"url":"https:\/\/test.edv-dlouhy.de\/wp-content\/uploads\/2023\/07\/Heizen-1024x681.jpg"},"gradient":"linear-gradient(135deg,rgba(6,147,227,1) 0%,rgb(155,81,224) 100%)","background_repeat":"no-repeat","background_size":"auto","background_attachment":"scroll","patternColor":{"default":{"color":"#e5e7ea"}},"overlayColor":{"default":{"color":"CT_CSS_SKIP_RULE"}},"backgroundColor":{"default":{"color":"var(--theme-palette-color-3)"}}},"styles_descriptor":{"styles":{"desktop":"[data-prefix=\"single_page\"] .entry-header .page-title {--theme-font-size:30px;} [data-prefix=\"single_page\"] .entry-header .entry-meta {--theme-font-weight:600;--theme-text-transform:uppercase;--theme-font-size:12px;--theme-line-height:1.3;} [data-prefix=\"single_page\"] .hero-section[data-type=\"type-2\"] {background-position:51% 41%;background-repeat:no-repeat;background-color:var(--theme-palette-color-3);background-image:url(https:\/\/test.edv-dlouhy.de\/wp-content\/uploads\/2023\/07\/Heizen.jpg);--container-padding:50px 0px;}","tablet":"","mobile":""},"google_fonts":[],"version":6},"hero_elements":[{"id":"custom_title","enabled":false,"heading_tag":"h1","title":"Startseite","__id":"pwSCpjFFXfv9kZJHkOZlg"},{"id":"custom_description","enabled":true,"description_visibility":{"desktop":true,"tablet":true,"mobile":false},"__id":"_SoPijOGn2m3XkWj4Dscd"},{"id":"custom_meta","enabled":false,"meta_elements":[{"id":"author","enabled":true,"label":"Von","has_author_avatar":"yes","avatar_size":25},{"id":"post_date","enabled":true,"label":"Am","date_format_source":"default","date_format":"M j, Y"},{"id":"updated_date","enabled":false,"label":"Am","date_format_source":"default","date_format":"M j, Y"},{"id":"categories","enabled":false,"label":"In","style":"simple"},{"id":"comments","enabled":true}],"page_meta_elements":{"joined":true,"articles_count":true,"comments":true},"__id":"UHn68ImrzGM_H7DuO7YLb"},{"id":"breadcrumbs","enabled":false,"__id":"lNQVIzA1EkzTnsKKlS_yQ"}],"page_title_bg_type":"featured_image"},"brizy_media":[{"id":172,"url":"https:\/\/test.edv-dlouhy.de\/wp-content\/uploads\/2020\/08\/campaign-creators-qCi_MzVODoU-unsplash.jpg","name":"campaign-creators-qCi_MzVODoU-unsplash.jpg","meta":{"brizy_attachment_uid":"wp-21ba288e85b83ed4e859137bc6e83aee.jpg","brizy_post_uid":["8f68408a997247cf631f64361452368d","21e25ba149357f67ad32a8bd612100c2"]}},{"id":239,"url":"https:\/\/test.edv-dlouhy.de\/wp-content\/uploads\/2020\/08\/eftakher-alam-i1VQZsU86ok-unsplash.jpg","name":"eftakher-alam-i1VQZsU86ok-unsplash.jpg","meta":{"brizy_attachment_uid":"wp-79a3d65a99693145cd4daf1be53e0ca1.jpg","brizy_post_uid":["1f49b9aafa8c0ee4d3d6fbc1b58b9f15","21e25ba149357f67ad32a8bd612100c2"]}},{"id":558,"url":"https:\/\/test.edv-dlouhy.de\/wp-content\/uploads\/2020\/08\/kobu-agency-QBBei2RPb7A-unsplash-1.jpg","name":"kobu-agency-QBBei2RPb7A-unsplash-1.jpg","meta":{"brizy_attachment_uid":"wp-34df8d6106798e0a64897ce2d6dad118.jpg","brizy_post_uid":["8f68408a997247cf631f64361452368d","21e25ba149357f67ad32a8bd612100c2"]}}],"_links":{"self":[{"href":"https:\/\/test.edv-dlouhy.de\/index.php?rest_route=\/wp\/v2\/pages\/1728","targetHints":{"allow":["GET"]}}],"collection":[{"href":"https:\/\/test.edv-dlouhy.de\/index.php?rest_route=\/wp\/v2\/pages"}],"about":[{"href":"https:\/\/test.edv-dlouhy.de\/index.php?rest_route=\/wp\/v2\/types\/page"}],"author":[{"embeddable":true,"href":"https:\/\/test.edv-dlouhy.de\/index.php?rest_route=\/wp\/v2\/users\/1"}],"replies":[{"embeddable":true,"href":"https:\/\/test.edv-dlouhy.de\/index.php?rest_route=%2Fwp%2Fv2%2Fcomments&post=1728"}],"version-history":[{"count":18,"href":"https:\/\/test.edv-dlouhy.de\/index.php?rest_route=\/wp\/v2\/pages\/1728\/revisions"}],"predecessor-version":[{"id":1776,"href":"https:\/\/test.edv-dlouhy.de\/index.php?rest_route=\/wp\/v2\/pages\/1728\/revisions\/1776"}],"wp:attachment":[{"href":"https:\/\/test.edv-dlouhy.de\/index.php?rest_route=%2Fwp%2Fv2%2Fmedia&parent=1728"}],"curies":[{"name":"wp","href":"https:\/\/api.w.org\/{rel}","templated":true}]}}